{"id":24,"date":"2024-06-20T09:43:24","date_gmt":"2024-06-20T08:43:24","guid":{"rendered":"https:\/\/cortesadministraciones.com\/?page_id=24"},"modified":"2025-11-05T11:45:05","modified_gmt":"2025-11-05T10:45:05","slug":"contacto","status":"publish","type":"page","link":"https:\/\/cortesadministraciones.com\/en\/contacto\/","title":{"rendered":"Contact"},"content":{"rendered":"<div data-elementor-type=\"wp-page\" data-elementor-id=\"24\" class=\"elementor elementor-24\" data-elementor-post-type=\"page\">\n\t\t\t\t<div class=\"elementor-element elementor-element-c377267 e-flex e-con-boxed e-con e-parent\" data-id=\"c377267\" data-element_type=\"container\" data-e-type=\"container\" data-settings=\"{&quot;background_background&quot;:&quot;classic&quot;}\">\n\t\t\t\t\t<div class=\"e-con-inner\">\n\t\t\t\t<div class=\"elementor-element elementor-element-f482d9d elementor-widget__width-initial elementor-widget elementor-widget-heading\" data-id=\"f482d9d\" data-element_type=\"widget\" data-e-type=\"widget\" data-widget_type=\"heading.default\">\n\t\t\t\t<div class=\"elementor-widget-container\">\n\t\t\t\t\t<h1 class=\"elementor-heading-title elementor-size-default\">Contact us <span>without obligation<\/span><\/h1>\t\t\t\t<\/div>\n\t\t\t\t<\/div>\n\t\t<div class=\"elementor-element elementor-element-368743f e-flex e-con-boxed e-con e-child\" data-id=\"368743f\" data-element_type=\"container\" data-e-type=\"container\" data-settings=\"{&quot;background_background&quot;:&quot;classic&quot;}\">\n\t\t\t\t\t<div class=\"e-con-inner\">\n\t\t\t\t<div class=\"elementor-element elementor-element-217ba68 elementor-align-justify elementor-widget__width-auto elementor-widget elementor-widget-button\" data-id=\"217ba68\" data-element_type=\"widget\" data-e-type=\"widget\" data-widget_type=\"button.default\">\n\t\t\t\t<div class=\"elementor-widget-container\">\n\t\t\t\t\t\t\t\t\t<div class=\"elementor-button-wrapper\">\n\t\t\t\t\t<a class=\"elementor-button elementor-button-link elementor-size-sm\" href=\"https:\/\/api.whatsapp.com\/send?phone=34630781173&#038;text=%C2%A1Hola!%20Estoy%20interesado\/a%20en%20solicitar%20presupuesto\" target=\"_blank\">\n\t\t\t\t\t\t<span class=\"elementor-button-content-wrapper\">\n\t\t\t\t\t\t<span class=\"elementor-button-icon\">\n\t\t\t\t<svg xmlns=\"http:\/\/www.w3.org\/2000\/svg\" width=\"148\" height=\"148\" viewbox=\"0 0 148 148\" fill=\"none\"><path fill-rule=\"evenodd\" clip-rule=\"evenodd\" d=\"M73.9407 0C33.1667 0 0 33.1759 0 73.9615C0 90.1366 5.21631 105.137 14.0837 117.313L4.86791 144.793L33.2967 135.707C44.9893 143.446 58.943 147.924 73.9836 147.924C114.758 147.924 147.924 114.747 147.924 73.9628C147.924 33.1773 114.758 0.00122262 73.9836 0.00122262H73.9407V0ZM53.2923 37.5692C51.8582 34.1344 50.7713 34.0043 48.5986 33.916C47.8588 33.873 47.0344 33.8301 46.1205 33.8301C43.2939 33.8301 40.3385 34.656 38.556 36.482C36.3833 38.6994 30.9927 43.873 30.9927 54.483C30.9927 65.0929 38.7302 75.3543 39.773 76.7901C40.8599 78.2234 54.8577 100.312 76.5917 109.315C93.5879 116.358 98.6313 115.705 102.499 114.88C108.15 113.662 115.236 109.486 117.019 104.444C118.801 99.3992 118.801 95.0943 118.279 94.1813C117.757 93.2683 116.322 92.748 114.149 91.6595C111.976 90.5722 101.412 85.3544 99.4128 84.6586C97.456 83.9198 95.5876 84.1812 94.1106 86.2686C92.0238 89.1818 89.9812 92.1393 88.3287 93.9212C87.0246 95.3127 84.8936 95.487 83.1123 94.747C80.7212 93.7481 74.0279 91.3981 65.7678 84.0499C59.3774 78.3547 55.0308 71.2679 53.7709 69.1376C52.5097 66.9643 53.6407 65.7016 54.6393 64.5284C55.7262 63.1798 56.7692 62.2238 57.8561 60.9623C58.9431 59.702 59.5516 59.0492 60.2472 57.5705C60.9869 56.1359 60.4642 54.6572 59.9428 53.57C59.4214 52.4827 55.0749 41.8728 53.2923 37.5692Z\" fill=\"white\"><\/path><\/svg>\t\t\t<\/span>\n\t\t\t\t\t\t\t\t\t<span class=\"elementor-button-text\">630781173<\/span>\n\t\t\t\t\t<\/span>\n\t\t\t\t\t<\/a>\n\t\t\t\t<\/div>\n\t\t\t\t\t\t\t\t<\/div>\n\t\t\t\t<\/div>\n\t\t\t\t<div class=\"elementor-element elementor-element-1eaa80b elementor-align-justify elementor-widget__width-initial elementor-widget elementor-widget-button\" data-id=\"1eaa80b\" data-element_type=\"widget\" data-e-type=\"widget\" data-widget_type=\"button.default\">\n\t\t\t\t<div class=\"elementor-widget-container\">\n\t\t\t\t\t\t\t\t\t<div class=\"elementor-button-wrapper\">\n\t\t\t\t\t<a class=\"elementor-button elementor-button-link elementor-size-sm\" href=\"https:\/\/www.google.com\/maps\/dir\/\/ADFICO,+Administraci%C3%B3n+de+Fincas+y+Comunidades+de+Propietarios\/data=!4m6!4m5!1m1!4e2!1m2!1m1!1s0xd0dd235f2be9eb7:0x3fe013b09a6e6fe7?sa=X&#038;ved=1t:3061&#038;hl=es&#038;ictx=111\" target=\"_blank\">\n\t\t\t\t\t\t<span class=\"elementor-button-content-wrapper\">\n\t\t\t\t\t\t\t\t\t<span class=\"elementor-button-text\">Google Maps<\/span>\n\t\t\t\t\t<\/span>\n\t\t\t\t\t<\/a>\n\t\t\t\t<\/div>\n\t\t\t\t\t\t\t\t<\/div>\n\t\t\t\t<\/div>\n\t\t\t\t\t<\/div>\n\t\t\t\t<\/div>\n\t\t<div class=\"elementor-element elementor-element-e3f4198 e-con-full e-flex e-con e-child\" data-id=\"e3f4198\" data-element_type=\"container\" data-e-type=\"container\">\n\t\t<div class=\"elementor-element elementor-element-f20c42f e-con-full e-flex e-con e-child\" data-id=\"f20c42f\" data-element_type=\"container\" data-e-type=\"container\">\n\t\t\t\t<div class=\"elementor-element elementor-element-d06f49c elementor-widget__width-initial elementor-widget elementor-widget-text-editor\" data-id=\"d06f49c\" data-element_type=\"widget\" data-e-type=\"widget\" data-widget_type=\"text-editor.default\">\n\t\t\t\t<div class=\"elementor-widget-container\">\n\t\t\t\t\t\t\t\t\t<p>Do you want to know more about <a href=\"https:\/\/cortesadministraciones.com\/en\/servicios-administrador-fincas\/\"><strong><span style=\"text-decoration: underline;\">our services<\/span><\/strong><\/a> Are you a property manager or homeowners&#039; association representative? We&#039;re here to help. Contact us and find out how. <span style=\"color: #0000ff;\">we can manage your community efficiently and transparently.<\/span><\/p>\t\t\t\t\t\t\t\t<\/div>\n\t\t\t\t<\/div>\n\t\t<div class=\"elementor-element elementor-element-c4f9259 e-con-full e-flex e-con e-child\" data-id=\"c4f9259\" data-element_type=\"container\" data-e-type=\"container\">\n\t\t\t\t<div class=\"elementor-element elementor-element-78e9abb elementor-widget elementor-widget-text-editor\" data-id=\"78e9abb\" data-element_type=\"widget\" data-e-type=\"widget\" data-widget_type=\"text-editor.default\">\n\t\t\t\t<div class=\"elementor-widget-container\">\n\t\t\t\t\t\t\t\t\t<p>Write me an email:<\/p>\t\t\t\t\t\t\t\t<\/div>\n\t\t\t\t<\/div>\n\t\t\t\t<div class=\"elementor-element elementor-element-4b3217e elementor-widget elementor-widget-text-editor\" data-id=\"4b3217e\" data-element_type=\"widget\" data-e-type=\"widget\" data-widget_type=\"text-editor.default\">\n\t\t\t\t<div class=\"elementor-widget-container\">\n\t\t\t\t\t\t\t\t\t<p><a href=\"mailto:hola@cortesadministraciones.com\" target=\"_blank\" rel=\"noopener\">hola@cortesadministraciones.com<\/a><\/p>\t\t\t\t\t\t\t\t<\/div>\n\t\t\t\t<\/div>\n\t\t\t\t<div class=\"elementor-element elementor-element-2c27093 elementor-widget elementor-widget-text-editor\" data-id=\"2c27093\" data-element_type=\"widget\" data-e-type=\"widget\" data-widget_type=\"text-editor.default\">\n\t\t\t\t<div class=\"elementor-widget-container\">\n\t\t\t\t\t\t\t\t\t<p>Or a Whatsapp:<\/p>\t\t\t\t\t\t\t\t<\/div>\n\t\t\t\t<\/div>\n\t\t\t\t<div class=\"elementor-element elementor-element-5b7bf5d elementor-widget elementor-widget-text-editor\" data-id=\"5b7bf5d\" data-element_type=\"widget\" data-e-type=\"widget\" data-widget_type=\"text-editor.default\">\n\t\t\t\t<div class=\"elementor-widget-container\">\n\t\t\t\t\t\t\t\t\t<p><a href=\"https:\/\/api.whatsapp.com\/send?phone=34630781173\" target=\"_blank\" rel=\"noopener\">+34 630781173<\/a><\/p>\t\t\t\t\t\t\t\t<\/div>\n\t\t\t\t<\/div>\n\t\t\t\t<\/div>\n\t\t\t\t<\/div>\n\t\t\t\t<\/div>\n\t\t\t\t\t<\/div>\n\t\t\t\t<\/div>\n\t\t<div class=\"elementor-element elementor-element-22b4775 e-con-full e-flex e-con e-parent\" data-id=\"22b4775\" data-element_type=\"container\" data-e-type=\"container\" data-settings=\"{&quot;background_background&quot;:&quot;classic&quot;}\">\n\t\t\t\t<\/div>\n\t\t\t\t<\/div>","protected":false},"excerpt":{"rendered":"<p>Cont\u00e1ctanos sin compromiso 630781173 Google Map \u00bfQuieres saber m\u00e1s sobre nuestros servicios de administrador de fincas y comunidades de propietarios? Estamos aqu\u00ed para ayudarte. Cont\u00e1ctanos y descubre c\u00f3mo podemos gestionar tu comunidad de manera eficiente y transparente. Escr\u00edbeme un mail: hola@cortesadministraciones.com O un Whatsapp: +34 630781173<\/p>","protected":false},"author":2,"featured_media":1269,"parent":0,"menu_order":0,"comment_status":"closed","ping_status":"closed","template":"","meta":{"footnotes":""},"class_list":["post-24","page","type-page","status-publish","has-post-thumbnail","hentry"],"yoast_head":"<!-- This site is optimized with the Yoast SEO plugin v27.6 - https:\/\/yoast.com\/product\/yoast-seo-wordpress\/ -->\n<title>Contacto Administrador de Fincas, C\u00e1diz | Cort\u00e9s Administraciones<\/title>\n<meta name=\"description\" content=\"Ponte en contacto con Cortes Administraciones. Somos administradores de fincas en C\u00e1diz . Ll\u00e1manos o escr\u00edbenos sin compromiso.\" \/>\n<meta name=\"robots\" content=\"index, follow, max-snippet:-1, max-image-preview:large, max-video-preview:-1\" \/>\n<link rel=\"canonical\" href=\"https:\/\/cortesadministraciones.com\/en\/contacto\/\" \/>\n<meta property=\"og:locale\" content=\"en_GB\" \/>\n<meta property=\"og:type\" content=\"article\" \/>\n<meta property=\"og:title\" content=\"Contacto Administrador de Fincas, C\u00e1diz | Cort\u00e9s Administraciones\" \/>\n<meta property=\"og:description\" content=\"Ponte en contacto con Cortes Administraciones. Somos administradores de fincas en C\u00e1diz . Ll\u00e1manos o escr\u00edbenos sin compromiso.\" \/>\n<meta property=\"og:url\" content=\"https:\/\/cortesadministraciones.com\/en\/contacto\/\" \/>\n<meta property=\"og:site_name\" content=\"Cortes Administraciones\" \/>\n<meta property=\"article:modified_time\" content=\"2025-11-05T10:45:05+00:00\" \/>\n<meta property=\"og:image\" content=\"https:\/\/cortesadministraciones.com\/wp-content\/uploads\/2024\/08\/cortes_brand.webp\" \/>\n\t<meta property=\"og:image:width\" content=\"1080\" \/>\n\t<meta property=\"og:image:height\" content=\"1080\" \/>\n\t<meta property=\"og:image:type\" content=\"image\/webp\" \/>\n<meta name=\"twitter:card\" content=\"summary_large_image\" \/>\n<meta name=\"twitter:label1\" content=\"Estimated reading time\" \/>\n\t<meta name=\"twitter:data1\" content=\"1 minute\" \/>\n<script type=\"application\/ld+json\" class=\"yoast-schema-graph\">{\"@context\":\"https:\\\/\\\/schema.org\",\"@graph\":[{\"@type\":\"WebPage\",\"@id\":\"https:\\\/\\\/cortesadministraciones.com\\\/contacto\\\/\",\"url\":\"https:\\\/\\\/cortesadministraciones.com\\\/contacto\\\/\",\"name\":\"Contacto Administrador de Fincas, C\u00e1diz | Cort\u00e9s Administraciones\",\"isPartOf\":{\"@id\":\"https:\\\/\\\/cortesadministraciones.com\\\/#website\"},\"primaryImageOfPage\":{\"@id\":\"https:\\\/\\\/cortesadministraciones.com\\\/contacto\\\/#primaryimage\"},\"image\":{\"@id\":\"https:\\\/\\\/cortesadministraciones.com\\\/contacto\\\/#primaryimage\"},\"thumbnailUrl\":\"https:\\\/\\\/cortesadministraciones.com\\\/wp-content\\\/uploads\\\/2024\\\/08\\\/cortes_brand.webp\",\"datePublished\":\"2024-06-20T08:43:24+00:00\",\"dateModified\":\"2025-11-05T10:45:05+00:00\",\"description\":\"Ponte en contacto con Cortes Administraciones. Somos administradores de fincas en C\u00e1diz . Ll\u00e1manos o escr\u00edbenos sin compromiso.\",\"breadcrumb\":{\"@id\":\"https:\\\/\\\/cortesadministraciones.com\\\/contacto\\\/#breadcrumb\"},\"inLanguage\":\"en-GB\",\"potentialAction\":[{\"@type\":\"ReadAction\",\"target\":[\"https:\\\/\\\/cortesadministraciones.com\\\/contacto\\\/\"]}]},{\"@type\":\"ImageObject\",\"inLanguage\":\"en-GB\",\"@id\":\"https:\\\/\\\/cortesadministraciones.com\\\/contacto\\\/#primaryimage\",\"url\":\"https:\\\/\\\/cortesadministraciones.com\\\/wp-content\\\/uploads\\\/2024\\\/08\\\/cortes_brand.webp\",\"contentUrl\":\"https:\\\/\\\/cortesadministraciones.com\\\/wp-content\\\/uploads\\\/2024\\\/08\\\/cortes_brand.webp\",\"width\":1080,\"height\":1080},{\"@type\":\"BreadcrumbList\",\"@id\":\"https:\\\/\\\/cortesadministraciones.com\\\/contacto\\\/#breadcrumb\",\"itemListElement\":[{\"@type\":\"ListItem\",\"position\":1,\"name\":\"Portada\",\"item\":\"https:\\\/\\\/cortesadministraciones.com\\\/\"},{\"@type\":\"ListItem\",\"position\":2,\"name\":\"Contacto\"}]},{\"@type\":\"WebSite\",\"@id\":\"https:\\\/\\\/cortesadministraciones.com\\\/#website\",\"url\":\"https:\\\/\\\/cortesadministraciones.com\\\/\",\"name\":\"Cortes Administraciones\",\"description\":\"Adminstrador de fincas y comunidades\",\"publisher\":{\"@id\":\"https:\\\/\\\/cortesadministraciones.com\\\/#organization\"},\"alternateName\":\"Cortes administracion\",\"potentialAction\":[{\"@type\":\"SearchAction\",\"target\":{\"@type\":\"EntryPoint\",\"urlTemplate\":\"https:\\\/\\\/cortesadministraciones.com\\\/?s={search_term_string}\"},\"query-input\":{\"@type\":\"PropertyValueSpecification\",\"valueRequired\":true,\"valueName\":\"search_term_string\"}}],\"inLanguage\":\"en-GB\"},{\"@type\":\"Organization\",\"@id\":\"https:\\\/\\\/cortesadministraciones.com\\\/#organization\",\"name\":\"Cortes Administraciones de fincas\",\"alternateName\":\"Administracion de comunidades y fincas\",\"url\":\"https:\\\/\\\/cortesadministraciones.com\\\/\",\"logo\":{\"@type\":\"ImageObject\",\"inLanguage\":\"en-GB\",\"@id\":\"https:\\\/\\\/cortesadministraciones.com\\\/#\\\/schema\\\/logo\\\/image\\\/\",\"url\":\"https:\\\/\\\/cortesadministraciones.com\\\/wp-content\\\/uploads\\\/2024\\\/06\\\/cortes-logo-responsive.svg\",\"contentUrl\":\"https:\\\/\\\/cortesadministraciones.com\\\/wp-content\\\/uploads\\\/2024\\\/06\\\/cortes-logo-responsive.svg\",\"width\":105,\"height\":26,\"caption\":\"Cortes Administraciones de fincas\"},\"image\":{\"@id\":\"https:\\\/\\\/cortesadministraciones.com\\\/#\\\/schema\\\/logo\\\/image\\\/\"}}]}<\/script>\n<!-- \/ Yoast SEO plugin. -->","yoast_head_json":{"title":"Contacto Administrador de Fincas, C\u00e1diz | Cort\u00e9s Administraciones","description":"Ponte en contacto con Cortes Administraciones. Somos administradores de fincas en C\u00e1diz . Ll\u00e1manos o escr\u00edbenos sin compromiso.","robots":{"index":"index","follow":"follow","max-snippet":"max-snippet:-1","max-image-preview":"max-image-preview:large","max-video-preview":"max-video-preview:-1"},"canonical":"https:\/\/cortesadministraciones.com\/en\/contacto\/","og_locale":"en_GB","og_type":"article","og_title":"Contacto Administrador de Fincas, C\u00e1diz | Cort\u00e9s Administraciones","og_description":"Ponte en contacto con Cortes Administraciones. Somos administradores de fincas en C\u00e1diz . Ll\u00e1manos o escr\u00edbenos sin compromiso.","og_url":"https:\/\/cortesadministraciones.com\/en\/contacto\/","og_site_name":"Cortes Administraciones","article_modified_time":"2025-11-05T10:45:05+00:00","og_image":[{"width":1080,"height":1080,"url":"https:\/\/cortesadministraciones.com\/wp-content\/uploads\/2024\/08\/cortes_brand.webp","type":"image\/webp"}],"twitter_card":"summary_large_image","twitter_misc":{"Estimated reading time":"1 minute"},"schema":{"@context":"https:\/\/schema.org","@graph":[{"@type":"WebPage","@id":"https:\/\/cortesadministraciones.com\/contacto\/","url":"https:\/\/cortesadministraciones.com\/contacto\/","name":"Contacto Administrador de Fincas, C\u00e1diz | Cort\u00e9s Administraciones","isPartOf":{"@id":"https:\/\/cortesadministraciones.com\/#website"},"primaryImageOfPage":{"@id":"https:\/\/cortesadministraciones.com\/contacto\/#primaryimage"},"image":{"@id":"https:\/\/cortesadministraciones.com\/contacto\/#primaryimage"},"thumbnailUrl":"https:\/\/cortesadministraciones.com\/wp-content\/uploads\/2024\/08\/cortes_brand.webp","datePublished":"2024-06-20T08:43:24+00:00","dateModified":"2025-11-05T10:45:05+00:00","description":"Ponte en contacto con Cortes Administraciones. Somos administradores de fincas en C\u00e1diz . Ll\u00e1manos o escr\u00edbenos sin compromiso.","breadcrumb":{"@id":"https:\/\/cortesadministraciones.com\/contacto\/#breadcrumb"},"inLanguage":"en-GB","potentialAction":[{"@type":"ReadAction","target":["https:\/\/cortesadministraciones.com\/contacto\/"]}]},{"@type":"ImageObject","inLanguage":"en-GB","@id":"https:\/\/cortesadministraciones.com\/contacto\/#primaryimage","url":"https:\/\/cortesadministraciones.com\/wp-content\/uploads\/2024\/08\/cortes_brand.webp","contentUrl":"https:\/\/cortesadministraciones.com\/wp-content\/uploads\/2024\/08\/cortes_brand.webp","width":1080,"height":1080},{"@type":"BreadcrumbList","@id":"https:\/\/cortesadministraciones.com\/contacto\/#breadcrumb","itemListElement":[{"@type":"ListItem","position":1,"name":"Portada","item":"https:\/\/cortesadministraciones.com\/"},{"@type":"ListItem","position":2,"name":"Contacto"}]},{"@type":"WebSite","@id":"https:\/\/cortesadministraciones.com\/#website","url":"https:\/\/cortesadministraciones.com\/","name":"Courts Administrations","description":"Property and community manager","publisher":{"@id":"https:\/\/cortesadministraciones.com\/#organization"},"alternateName":"Cortes administracion","potentialAction":[{"@type":"SearchAction","target":{"@type":"EntryPoint","urlTemplate":"https:\/\/cortesadministraciones.com\/?s={search_term_string}"},"query-input":{"@type":"PropertyValueSpecification","valueRequired":true,"valueName":"search_term_string"}}],"inLanguage":"en-GB"},{"@type":"Organization","@id":"https:\/\/cortesadministraciones.com\/#organization","name":"Courts Property Management","alternateName":"Administracion de comunidades y fincas","url":"https:\/\/cortesadministraciones.com\/","logo":{"@type":"ImageObject","inLanguage":"en-GB","@id":"https:\/\/cortesadministraciones.com\/#\/schema\/logo\/image\/","url":"https:\/\/cortesadministraciones.com\/wp-content\/uploads\/2024\/06\/cortes-logo-responsive.svg","contentUrl":"https:\/\/cortesadministraciones.com\/wp-content\/uploads\/2024\/06\/cortes-logo-responsive.svg","width":105,"height":26,"caption":"Cortes Administraciones de fincas"},"image":{"@id":"https:\/\/cortesadministraciones.com\/#\/schema\/logo\/image\/"}}]}},"_links":{"self":[{"href":"https:\/\/cortesadministraciones.com\/en\/wp-json\/wp\/v2\/pages\/24","targetHints":{"allow":["GET"]}}],"collection":[{"href":"https:\/\/cortesadministraciones.com\/en\/wp-json\/wp\/v2\/pages"}],"about":[{"href":"https:\/\/cortesadministraciones.com\/en\/wp-json\/wp\/v2\/types\/page"}],"author":[{"embeddable":true,"href":"https:\/\/cortesadministraciones.com\/en\/wp-json\/wp\/v2\/users\/2"}],"replies":[{"embeddable":true,"href":"https:\/\/cortesadministraciones.com\/en\/wp-json\/wp\/v2\/comments?post=24"}],"version-history":[{"count":155,"href":"https:\/\/cortesadministraciones.com\/en\/wp-json\/wp\/v2\/pages\/24\/revisions"}],"predecessor-version":[{"id":1445,"href":"https:\/\/cortesadministraciones.com\/en\/wp-json\/wp\/v2\/pages\/24\/revisions\/1445"}],"wp:featuredmedia":[{"embeddable":true,"href":"https:\/\/cortesadministraciones.com\/en\/wp-json\/wp\/v2\/media\/1269"}],"wp:attachment":[{"href":"https:\/\/cortesadministraciones.com\/en\/wp-json\/wp\/v2\/media?parent=24"}],"curies":[{"name":"wp","href":"https:\/\/api.w.org\/{rel}","templated":true}]}}